{"id":1010,"date":"2021-09-05T19:43:46","date_gmt":"2021-09-06T00:43:46","guid":{"rendered":"https:\/\/yoamercadeodigital.com\/?page_id=1010"},"modified":"2021-09-11T12:50:03","modified_gmt":"2021-09-11T17:50:03","slug":"estrategia-digital","status":"publish","type":"page","link":"https:\/\/yoamercadeodigital.com\/index.php\/estrategia-digital\/","title":{"rendered":"Estrategia Digital"},"content":{"rendered":"\t\t<div data-elementor-type=\"wp-page\" data-elementor-id=\"1010\" class=\"elementor elementor-1010\">\n\t\t\t\t\t\t<section class=\"elementor-section elementor-top-section elementor-element elementor-element-ac0ebdf elementor-section-full_width elementor-section-height-default elementor-section-height-default\" data-id=\"ac0ebdf\" data-element_type=\"section\" data-settings=\"{&quot;background_background&quot;:&quot;classic&quot;}\">\n\t\t\t\t\t\t<div class=\"elementor-container elementor-column-gap-default\">\n\t\t\t\t\t<div class=\"elementor-column elementor-col-100 elementor-top-column elementor-element elementor-element-e9af76a\" data-id=\"e9af76a\" data-element_type=\"column\">\n\t\t\t<div class=\"elementor-widget-wrap elementor-element-populated\">\n\t\t\t\t\t\t<div class=\"elementor-element elementor-element-0a5c602 elementor-widget elementor-widget-heading\" data-id=\"0a5c602\" data-element_type=\"widget\" data-widget_type=\"heading.default\">\n\t\t\t\t<div class=\"elementor-widget-container\">\n\t\t\t<h2 class=\"elementor-heading-title elementor-size-default\"><br><br><br>Estrategia Digital<\/h2>\t\t<\/div>\n\t\t\t\t<\/div>\n\t\t\t\t\t<\/div>\n\t\t<\/div>\n\t\t\t\t\t<\/div>\n\t\t<\/section>\n\t\t\t\t<section class=\"elementor-section elementor-top-section elementor-element elementor-element-0668c01 elementor-section-boxed elementor-section-height-default elementor-section-height-default\" data-id=\"0668c01\" data-element_type=\"section\">\n\t\t\t\t\t\t<div class=\"elementor-container elementor-column-gap-default\">\n\t\t\t\t\t<div class=\"elementor-column elementor-col-100 elementor-top-column elementor-element elementor-element-3cc0568\" data-id=\"3cc0568\" data-element_type=\"column\">\n\t\t\t<div class=\"elementor-widget-wrap elementor-element-populated\">\n\t\t\t\t\t\t<div class=\"elementor-element elementor-element-279ea63 elementor-widget elementor-widget-text-editor\" data-id=\"279ea63\" data-element_type=\"widget\" data-widget_type=\"text-editor.default\">\n\t\t\t\t<div class=\"elementor-widget-container\">\n\t\t\t\t\t\t\t<p>En Yoa estamos en la capacidad de analizar y diagnosticar la estrategia digital actual de tu empresa y as\u00ed proponerte los cambios necesarios para generar nuevos negocios.<\/p><p>En caso de que no la tengas, en Yoa tenemos todo un equipo profesional y creativo listo para transformar todas tus ideas al mundo digital.<\/p><p>Analizamos tu sitio web, tus integraciones, dise\u00f1os, tus copys, \u00a0im\u00e1genes y realizamos un diagn\u00f3stico de tus redes sociales de modo que podamos aportar valor a tu inversi\u00f3n inicial partiendo de lo que ya tienes.<\/p>\t\t\t\t\t\t<\/div>\n\t\t\t\t<\/div>\n\t\t\t\t\t<\/div>\n\t\t<\/div>\n\t\t\t\t\t<\/div>\n\t\t<\/section>\n\t\t\t\t<\/div>\n\t\t","protected":false},"excerpt":{"rendered":"<p>Estrategia Digital En Yoa estamos en la capacidad de analizar y diagnosticar la estrategia digital actual de tu empresa y as\u00ed proponerte los cambios necesarios para generar nuevos negocios. En caso de que no la tengas, en Yoa tenemos todo un equipo profesional y creativo listo para transformar todas tus ideas al mundo digital. Analizamos [&hellip;]<\/p>\n","protected":false},"author":1,"featured_media":0,"parent":0,"menu_order":0,"comment_status":"closed","ping_status":"closed","template":"","meta":{"om_disable_all_campaigns":false,"site-sidebar-layout":"no-sidebar","site-content-layout":"page-builder","ast-site-content-layout":"","site-content-style":"default","site-sidebar-style":"default","ast-global-header-display":"","ast-banner-title-visibility":"","ast-main-header-display":"","ast-hfb-above-header-display":"","ast-hfb-below-header-display":"","ast-hfb-mobile-header-display":"","site-post-title":"disabled","ast-breadcrumbs-content":"","ast-featured-img":"disabled","footer-sml-layout":"","theme-transparent-header-meta":"default","adv-header-id-meta":"","stick-header-meta":"","header-above-stick-meta":"","header-main-stick-meta":"","header-below-stick-meta":"","astra-migrate-meta-layouts":"default","ast-page-background-enabled":"default","ast-page-background-meta":{"desktop":{"background-color":"","background-image":"","background-repeat":"repeat","background-position":"center center","background-size":"auto","background-attachment":"scroll","background-type":"","background-media":"","overlay-type":"","overlay-color":"","overlay-opacity":"","overlay-gradient":""},"tablet":{"background-color":"","background-image":"","background-repeat":"repeat","background-position":"center center","background-size":"auto","background-attachment":"scroll","background-type":"","background-media":"","overlay-type":"","overlay-color":"","overlay-opacity":"","overlay-gradient":""},"mobile":{"background-color":"","background-image":"","background-repeat":"repeat","background-position":"center center","background-size":"auto","background-attachment":"scroll","background-type":"","background-media":"","overlay-type":"","overlay-color":"","overlay-opacity":"","overlay-gradient":""}},"ast-content-background-meta":{"desktop":{"background-color":"var(--ast-global-color-5)","background-image":"","background-repeat":"repeat","background-position":"center center","background-size":"auto","background-attachment":"scroll","background-type":"","background-media":"","overlay-type":"","overlay-color":"","overlay-opacity":"","overlay-gradient":""},"tablet":{"background-color":"var(--ast-global-color-5)","background-image":"","background-repeat":"repeat","background-position":"center center","background-size":"auto","background-attachment":"scroll","background-type":"","background-media":"","overlay-type":"","overlay-color":"","overlay-opacity":"","overlay-gradient":""},"mobile":{"background-color":"var(--ast-global-color-5)","background-image":"","background-repeat":"repeat","background-position":"center center","background-size":"auto","background-attachment":"scroll","background-type":"","background-media":"","overlay-type":"","overlay-color":"","overlay-opacity":"","overlay-gradient":""}},"_joinchat":[],"footnotes":""},"class_list":["post-1010","page","type-page","status-publish","hentry"],"aioseo_notices":[],"yoast_head":"<!-- This site is optimized with the Yoast SEO Premium plugin v17.2 (Yoast SEO v22.0) - https:\/\/yoast.com\/wordpress\/plugins\/seo\/ -->\n<title>Estrategia Digital - Yoa<\/title>\n<meta name=\"robots\" content=\"index, follow, max-snippet:-1, max-image-preview:large, max-video-preview:-1\" \/>\n<link rel=\"canonical\" href=\"https:\/\/yoamercadeodigital.com\/index.php\/estrategia-digital\/\" \/>\n<meta property=\"og:locale\" content=\"es_ES\" \/>\n<meta property=\"og:type\" content=\"article\" \/>\n<meta property=\"og:title\" content=\"Estrategia Digital\" \/>\n<meta property=\"og:description\" content=\"Estrategia Digital En Yoa estamos en la capacidad de analizar y diagnosticar la estrategia digital actual de tu empresa y as\u00ed proponerte los cambios necesarios para generar nuevos negocios. En caso de que no la tengas, en Yoa tenemos todo un equipo profesional y creativo listo para transformar todas tus ideas al mundo digital. Analizamos [&hellip;]\" \/>\n<meta property=\"og:url\" content=\"https:\/\/yoamercadeodigital.com\/index.php\/estrategia-digital\/\" \/>\n<meta property=\"og:site_name\" content=\"Yoa\" \/>\n<meta property=\"article:modified_time\" content=\"2021-09-11T17:50:03+00:00\" \/>\n<meta name=\"twitter:card\" content=\"summary_large_image\" \/>\n<script type=\"application\/ld+json\" class=\"yoast-schema-graph\">{\"@context\":\"https:\/\/schema.org\",\"@graph\":[{\"@type\":\"WebPage\",\"@id\":\"https:\/\/yoamercadeodigital.com\/index.php\/estrategia-digital\/\",\"url\":\"https:\/\/yoamercadeodigital.com\/index.php\/estrategia-digital\/\",\"name\":\"Estrategia Digital - Yoa\",\"isPartOf\":{\"@id\":\"https:\/\/yoamercadeodigital.com\/#website\"},\"datePublished\":\"2021-09-06T00:43:46+00:00\",\"dateModified\":\"2021-09-11T17:50:03+00:00\",\"breadcrumb\":{\"@id\":\"https:\/\/yoamercadeodigital.com\/index.php\/estrategia-digital\/#breadcrumb\"},\"inLanguage\":\"es-CO\",\"potentialAction\":[{\"@type\":\"ReadAction\",\"target\":[\"https:\/\/yoamercadeodigital.com\/index.php\/estrategia-digital\/\"]}]},{\"@type\":\"BreadcrumbList\",\"@id\":\"https:\/\/yoamercadeodigital.com\/index.php\/estrategia-digital\/#breadcrumb\",\"itemListElement\":[{\"@type\":\"ListItem\",\"position\":1,\"name\":\"Home\",\"item\":\"https:\/\/yoamercadeodigital.com\/\"},{\"@type\":\"ListItem\",\"position\":2,\"name\":\"Estrategia Digital\"}]},{\"@type\":\"WebSite\",\"@id\":\"https:\/\/yoamercadeodigital.com\/#website\",\"url\":\"https:\/\/yoamercadeodigital.com\/\",\"name\":\"Yoa\",\"description\":\"Yoa Mercadeo Digital\",\"publisher\":{\"@id\":\"https:\/\/yoamercadeodigital.com\/#organization\"},\"potentialAction\":[{\"@type\":\"SearchAction\",\"target\":{\"@type\":\"EntryPoint\",\"urlTemplate\":\"https:\/\/yoamercadeodigital.com\/?s={search_term_string}\"},\"query-input\":\"required name=search_term_string\"}],\"inLanguage\":\"es-CO\"},{\"@type\":\"Organization\",\"@id\":\"https:\/\/yoamercadeodigital.com\/#organization\",\"name\":\"Yoa\",\"url\":\"https:\/\/yoamercadeodigital.com\/\",\"logo\":{\"@type\":\"ImageObject\",\"inLanguage\":\"es-CO\",\"@id\":\"https:\/\/yoamercadeodigital.com\/#\/schema\/logo\/image\/\",\"url\":\"https:\/\/yoamercadeodigital.com\/wp-content\/uploads\/2020\/10\/YOAH-MARKETIN-01-1.png\",\"contentUrl\":\"https:\/\/yoamercadeodigital.com\/wp-content\/uploads\/2020\/10\/YOAH-MARKETIN-01-1.png\",\"width\":582,\"height\":409,\"caption\":\"Yoa\"},\"image\":{\"@id\":\"https:\/\/yoamercadeodigital.com\/#\/schema\/logo\/image\/\"}}]}<\/script>\n<!-- \/ Yoast SEO Premium plugin. -->","yoast_head_json":{"title":"Estrategia Digital - Yoa","robots":{"index":"index","follow":"follow","max-snippet":"max-snippet:-1","max-image-preview":"max-image-preview:large","max-video-preview":"max-video-preview:-1"},"canonical":"https:\/\/yoamercadeodigital.com\/index.php\/estrategia-digital\/","og_locale":"es_ES","og_type":"article","og_title":"Estrategia Digital","og_description":"Estrategia Digital En Yoa estamos en la capacidad de analizar y diagnosticar la estrategia digital actual de tu empresa y as\u00ed proponerte los cambios necesarios para generar nuevos negocios. En caso de que no la tengas, en Yoa tenemos todo un equipo profesional y creativo listo para transformar todas tus ideas al mundo digital. Analizamos [&hellip;]","og_url":"https:\/\/yoamercadeodigital.com\/index.php\/estrategia-digital\/","og_site_name":"Yoa","article_modified_time":"2021-09-11T17:50:03+00:00","twitter_card":"summary_large_image","schema":{"@context":"https:\/\/schema.org","@graph":[{"@type":"WebPage","@id":"https:\/\/yoamercadeodigital.com\/index.php\/estrategia-digital\/","url":"https:\/\/yoamercadeodigital.com\/index.php\/estrategia-digital\/","name":"Estrategia Digital - Yoa","isPartOf":{"@id":"https:\/\/yoamercadeodigital.com\/#website"},"datePublished":"2021-09-06T00:43:46+00:00","dateModified":"2021-09-11T17:50:03+00:00","breadcrumb":{"@id":"https:\/\/yoamercadeodigital.com\/index.php\/estrategia-digital\/#breadcrumb"},"inLanguage":"es-CO","potentialAction":[{"@type":"ReadAction","target":["https:\/\/yoamercadeodigital.com\/index.php\/estrategia-digital\/"]}]},{"@type":"BreadcrumbList","@id":"https:\/\/yoamercadeodigital.com\/index.php\/estrategia-digital\/#breadcrumb","itemListElement":[{"@type":"ListItem","position":1,"name":"Home","item":"https:\/\/yoamercadeodigital.com\/"},{"@type":"ListItem","position":2,"name":"Estrategia Digital"}]},{"@type":"WebSite","@id":"https:\/\/yoamercadeodigital.com\/#website","url":"https:\/\/yoamercadeodigital.com\/","name":"Yoa","description":"Yoa Mercadeo Digital","publisher":{"@id":"https:\/\/yoamercadeodigital.com\/#organization"},"potentialAction":[{"@type":"SearchAction","target":{"@type":"EntryPoint","urlTemplate":"https:\/\/yoamercadeodigital.com\/?s={search_term_string}"},"query-input":"required name=search_term_string"}],"inLanguage":"es-CO"},{"@type":"Organization","@id":"https:\/\/yoamercadeodigital.com\/#organization","name":"Yoa","url":"https:\/\/yoamercadeodigital.com\/","logo":{"@type":"ImageObject","inLanguage":"es-CO","@id":"https:\/\/yoamercadeodigital.com\/#\/schema\/logo\/image\/","url":"https:\/\/yoamercadeodigital.com\/wp-content\/uploads\/2020\/10\/YOAH-MARKETIN-01-1.png","contentUrl":"https:\/\/yoamercadeodigital.com\/wp-content\/uploads\/2020\/10\/YOAH-MARKETIN-01-1.png","width":582,"height":409,"caption":"Yoa"},"image":{"@id":"https:\/\/yoamercadeodigital.com\/#\/schema\/logo\/image\/"}}]}},"_links":{"self":[{"href":"https:\/\/yoamercadeodigital.com\/index.php\/wp-json\/wp\/v2\/pages\/1010","targetHints":{"allow":["GET"]}}],"collection":[{"href":"https:\/\/yoamercadeodigital.com\/index.php\/wp-json\/wp\/v2\/pages"}],"about":[{"href":"https:\/\/yoamercadeodigital.com\/index.php\/wp-json\/wp\/v2\/types\/page"}],"author":[{"embeddable":true,"href":"https:\/\/yoamercadeodigital.com\/index.php\/wp-json\/wp\/v2\/users\/1"}],"replies":[{"embeddable":true,"href":"https:\/\/yoamercadeodigital.com\/index.php\/wp-json\/wp\/v2\/comments?post=1010"}],"version-history":[{"count":53,"href":"https:\/\/yoamercadeodigital.com\/index.php\/wp-json\/wp\/v2\/pages\/1010\/revisions"}],"predecessor-version":[{"id":1562,"href":"https:\/\/yoamercadeodigital.com\/index.php\/wp-json\/wp\/v2\/pages\/1010\/revisions\/1562"}],"wp:attachment":[{"href":"https:\/\/yoamercadeodigital.com\/index.php\/wp-json\/wp\/v2\/media?parent=1010"}],"curies":[{"name":"wp","href":"https:\/\/api.w.org\/{rel}","templated":true}]}}