{"id":1038,"date":"2021-09-05T20:02:03","date_gmt":"2021-09-06T01:02:03","guid":{"rendered":"https:\/\/yoamercadeodigital.com\/?page_id=1038"},"modified":"2021-09-11T14:26:05","modified_gmt":"2021-09-11T19:26:05","slug":"diseno","status":"publish","type":"page","link":"https:\/\/yoamercadeodigital.com\/index.php\/diseno\/","title":{"rendered":"Dise\u00f1o"},"content":{"rendered":"\t\t<div data-elementor-type=\"wp-page\" data-elementor-id=\"1038\" class=\"elementor elementor-1038\">\n\t\t\t\t\t\t<section class=\"elementor-section elementor-top-section elementor-element elementor-element-8dfe9d3 elementor-section-full_width elementor-section-height-default elementor-section-height-default\" data-id=\"8dfe9d3\" data-element_type=\"section\" data-settings=\"{&quot;background_background&quot;:&quot;classic&quot;}\">\n\t\t\t\t\t\t<div class=\"elementor-container elementor-column-gap-default\">\n\t\t\t\t\t<div class=\"elementor-column elementor-col-100 elementor-top-column elementor-element elementor-element-d7d3b2b\" data-id=\"d7d3b2b\" data-element_type=\"column\">\n\t\t\t<div class=\"elementor-widget-wrap elementor-element-populated\">\n\t\t\t\t\t\t<div class=\"elementor-element elementor-element-5d05bde elementor-widget elementor-widget-heading\" data-id=\"5d05bde\" data-element_type=\"widget\" data-widget_type=\"heading.default\">\n\t\t\t\t<div class=\"elementor-widget-container\">\n\t\t\t<h2 class=\"elementor-heading-title elementor-size-default\"><a href=\"https:\/\/yoamercadeodigital.com\/index.php\/diseno-web\/\"><br><br><br>Dise\u00f1o <\/a><\/h2>\t\t<\/div>\n\t\t\t\t<\/div>\n\t\t\t\t\t<\/div>\n\t\t<\/div>\n\t\t\t\t\t<\/div>\n\t\t<\/section>\n\t\t\t\t<section class=\"elementor-section elementor-top-section elementor-element elementor-element-18a1432 elementor-section-boxed elementor-section-height-default elementor-section-height-default\" data-id=\"18a1432\" data-element_type=\"section\">\n\t\t\t\t\t\t<div class=\"elementor-container elementor-column-gap-default\">\n\t\t\t\t\t<div class=\"elementor-column elementor-col-100 elementor-top-column elementor-element elementor-element-96ef578\" data-id=\"96ef578\" data-element_type=\"column\">\n\t\t\t<div class=\"elementor-widget-wrap elementor-element-populated\">\n\t\t\t\t\t\t<div class=\"elementor-element elementor-element-f2927cc elementor-widget elementor-widget-spacer\" data-id=\"f2927cc\" data-element_type=\"widget\" data-widget_type=\"spacer.default\">\n\t\t\t\t<div class=\"elementor-widget-container\">\n\t\t\t\t\t<div class=\"elementor-spacer\">\n\t\t\t<div class=\"elementor-spacer-inner\"><\/div>\n\t\t<\/div>\n\t\t\t\t<\/div>\n\t\t\t\t<\/div>\n\t\t\t\t\t<\/div>\n\t\t<\/div>\n\t\t\t\t\t<\/div>\n\t\t<\/section>\n\t\t\t\t<section class=\"elementor-section elementor-top-section elementor-element elementor-element-d60f8b8 elementor-section-boxed elementor-section-height-default elementor-section-height-default\" data-id=\"d60f8b8\" data-element_type=\"section\">\n\t\t\t\t\t\t<div class=\"elementor-container elementor-column-gap-default\">\n\t\t\t\t\t<div class=\"elementor-column elementor-col-100 elementor-top-column elementor-element elementor-element-4e60b04\" data-id=\"4e60b04\" data-element_type=\"column\">\n\t\t\t<div class=\"elementor-widget-wrap elementor-element-populated\">\n\t\t\t\t\t\t<div class=\"elementor-element elementor-element-de97928 elementor-widget elementor-widget-text-editor\" data-id=\"de97928\" data-element_type=\"widget\" data-widget_type=\"text-editor.default\">\n\t\t\t\t<div class=\"elementor-widget-container\">\n\t\t\t\t\t\t\t<p>Como ya lo sabes la comunicaci\u00f3n visual es el medio m\u00e1s efectivo en la publicidad, en Yoa contamos con dise\u00f1adores y creativos para hacer que tus ideas sean una obra de arte en la red.<\/p><p>Podemos dise\u00f1arte piezas publicitarias para social media, banners, redise\u00f1o de imagen corporativa, digitalizaci\u00f3n de im\u00e1genes, calco digital para vectorizaci\u00f3n, fotograf\u00eda digital, retoque digital, montaje,\u00a0 video y todo el material audiovisual que tu negocio necesite.<\/p>\t\t\t\t\t\t<\/div>\n\t\t\t\t<\/div>\n\t\t\t\t\t<\/div>\n\t\t<\/div>\n\t\t\t\t\t<\/div>\n\t\t<\/section>\n\t\t\t\t<\/div>\n\t\t","protected":false},"excerpt":{"rendered":"<p>Dise\u00f1o Como ya lo sabes la comunicaci\u00f3n visual es el medio m\u00e1s efectivo en la publicidad, en Yoa contamos con dise\u00f1adores y creativos para hacer que tus ideas sean una obra de arte en la red. Podemos dise\u00f1arte piezas publicitarias para social media, banners, redise\u00f1o de imagen corporativa, digitalizaci\u00f3n de im\u00e1genes, calco digital para vectorizaci\u00f3n, [&hellip;]<\/p>\n","protected":false},"author":1,"featured_media":0,"parent":0,"menu_order":0,"comment_status":"closed","ping_status":"closed","template":"","meta":{"om_disable_all_campaigns":false,"site-sidebar-layout":"no-sidebar","site-content-layout":"page-builder","ast-site-content-layout":"","site-content-style":"default","site-sidebar-style":"default","ast-global-header-display":"","ast-banner-title-visibility":"","ast-main-header-display":"","ast-hfb-above-header-display":"","ast-hfb-below-header-display":"","ast-hfb-mobile-header-display":"","site-post-title":"disabled","ast-breadcrumbs-content":"","ast-featured-img":"disabled","footer-sml-layout":"","theme-transparent-header-meta":"default","adv-header-id-meta":"","stick-header-meta":"","header-above-stick-meta":"","header-main-stick-meta":"","header-below-stick-meta":"","astra-migrate-meta-layouts":"default","ast-page-background-enabled":"default","ast-page-background-meta":{"desktop":{"background-color":"","background-image":"","background-repeat":"repeat","background-position":"center center","background-size":"auto","background-attachment":"scroll","background-type":"","background-media":"","overlay-type":"","overlay-color":"","overlay-opacity":"","overlay-gradient":""},"tablet":{"background-color":"","background-image":"","background-repeat":"repeat","background-position":"center center","background-size":"auto","background-attachment":"scroll","background-type":"","background-media":"","overlay-type":"","overlay-color":"","overlay-opacity":"","overlay-gradient":""},"mobile":{"background-color":"","background-image":"","background-repeat":"repeat","background-position":"center center","background-size":"auto","background-attachment":"scroll","background-type":"","background-media":"","overlay-type":"","overlay-color":"","overlay-opacity":"","overlay-gradient":""}},"ast-content-background-meta":{"desktop":{"background-color":"var(--ast-global-color-5)","background-image":"","background-repeat":"repeat","background-position":"center center","background-size":"auto","background-attachment":"scroll","background-type":"","background-media":"","overlay-type":"","overlay-color":"","overlay-opacity":"","overlay-gradient":""},"tablet":{"background-color":"var(--ast-global-color-5)","background-image":"","background-repeat":"repeat","background-position":"center center","background-size":"auto","background-attachment":"scroll","background-type":"","background-media":"","overlay-type":"","overlay-color":"","overlay-opacity":"","overlay-gradient":""},"mobile":{"background-color":"var(--ast-global-color-5)","background-image":"","background-repeat":"repeat","background-position":"center center","background-size":"auto","background-attachment":"scroll","background-type":"","background-media":"","overlay-type":"","overlay-color":"","overlay-opacity":"","overlay-gradient":""}},"_joinchat":[],"footnotes":""},"class_list":["post-1038","page","type-page","status-publish","hentry"],"aioseo_notices":[],"yoast_head":"<!-- This site is optimized with the Yoast SEO Premium plugin v17.2 (Yoast SEO v22.0) - https:\/\/yoast.com\/wordpress\/plugins\/seo\/ -->\n<title>Dise\u00f1o - Yoa<\/title>\n<meta name=\"robots\" content=\"index, follow, max-snippet:-1, max-image-preview:large, max-video-preview:-1\" \/>\n<link rel=\"canonical\" href=\"https:\/\/yoamercadeodigital.com\/index.php\/diseno\/\" \/>\n<meta property=\"og:locale\" content=\"es_ES\" \/>\n<meta property=\"og:type\" content=\"article\" \/>\n<meta property=\"og:title\" content=\"Dise\u00f1o\" \/>\n<meta property=\"og:description\" content=\"Dise\u00f1o Como ya lo sabes la comunicaci\u00f3n visual es el medio m\u00e1s efectivo en la publicidad, en Yoa contamos con dise\u00f1adores y creativos para hacer que tus ideas sean una obra de arte en la red. Podemos dise\u00f1arte piezas publicitarias para social media, banners, redise\u00f1o de imagen corporativa, digitalizaci\u00f3n de im\u00e1genes, calco digital para vectorizaci\u00f3n, [&hellip;]\" \/>\n<meta property=\"og:url\" content=\"https:\/\/yoamercadeodigital.com\/index.php\/diseno\/\" \/>\n<meta property=\"og:site_name\" content=\"Yoa\" \/>\n<meta property=\"article:modified_time\" content=\"2021-09-11T19:26:05+00:00\" \/>\n<meta name=\"twitter:card\" content=\"summary_large_image\" \/>\n<script type=\"application\/ld+json\" class=\"yoast-schema-graph\">{\"@context\":\"https:\/\/schema.org\",\"@graph\":[{\"@type\":\"WebPage\",\"@id\":\"https:\/\/yoamercadeodigital.com\/index.php\/diseno\/\",\"url\":\"https:\/\/yoamercadeodigital.com\/index.php\/diseno\/\",\"name\":\"Dise\u00f1o - Yoa\",\"isPartOf\":{\"@id\":\"https:\/\/yoamercadeodigital.com\/#website\"},\"datePublished\":\"2021-09-06T01:02:03+00:00\",\"dateModified\":\"2021-09-11T19:26:05+00:00\",\"breadcrumb\":{\"@id\":\"https:\/\/yoamercadeodigital.com\/index.php\/diseno\/#breadcrumb\"},\"inLanguage\":\"es-CO\",\"potentialAction\":[{\"@type\":\"ReadAction\",\"target\":[\"https:\/\/yoamercadeodigital.com\/index.php\/diseno\/\"]}]},{\"@type\":\"BreadcrumbList\",\"@id\":\"https:\/\/yoamercadeodigital.com\/index.php\/diseno\/#breadcrumb\",\"itemListElement\":[{\"@type\":\"ListItem\",\"position\":1,\"name\":\"Home\",\"item\":\"https:\/\/yoamercadeodigital.com\/\"},{\"@type\":\"ListItem\",\"position\":2,\"name\":\"Dise\u00f1o\"}]},{\"@type\":\"WebSite\",\"@id\":\"https:\/\/yoamercadeodigital.com\/#website\",\"url\":\"https:\/\/yoamercadeodigital.com\/\",\"name\":\"Yoa\",\"description\":\"Yoa Mercadeo Digital\",\"publisher\":{\"@id\":\"https:\/\/yoamercadeodigital.com\/#organization\"},\"potentialAction\":[{\"@type\":\"SearchAction\",\"target\":{\"@type\":\"EntryPoint\",\"urlTemplate\":\"https:\/\/yoamercadeodigital.com\/?s={search_term_string}\"},\"query-input\":\"required name=search_term_string\"}],\"inLanguage\":\"es-CO\"},{\"@type\":\"Organization\",\"@id\":\"https:\/\/yoamercadeodigital.com\/#organization\",\"name\":\"Yoa\",\"url\":\"https:\/\/yoamercadeodigital.com\/\",\"logo\":{\"@type\":\"ImageObject\",\"inLanguage\":\"es-CO\",\"@id\":\"https:\/\/yoamercadeodigital.com\/#\/schema\/logo\/image\/\",\"url\":\"https:\/\/yoamercadeodigital.com\/wp-content\/uploads\/2020\/10\/YOAH-MARKETIN-01-1.png\",\"contentUrl\":\"https:\/\/yoamercadeodigital.com\/wp-content\/uploads\/2020\/10\/YOAH-MARKETIN-01-1.png\",\"width\":582,\"height\":409,\"caption\":\"Yoa\"},\"image\":{\"@id\":\"https:\/\/yoamercadeodigital.com\/#\/schema\/logo\/image\/\"}}]}<\/script>\n<!-- \/ Yoast SEO Premium plugin. -->","yoast_head_json":{"title":"Dise\u00f1o - Yoa","robots":{"index":"index","follow":"follow","max-snippet":"max-snippet:-1","max-image-preview":"max-image-preview:large","max-video-preview":"max-video-preview:-1"},"canonical":"https:\/\/yoamercadeodigital.com\/index.php\/diseno\/","og_locale":"es_ES","og_type":"article","og_title":"Dise\u00f1o","og_description":"Dise\u00f1o Como ya lo sabes la comunicaci\u00f3n visual es el medio m\u00e1s efectivo en la publicidad, en Yoa contamos con dise\u00f1adores y creativos para hacer que tus ideas sean una obra de arte en la red. Podemos dise\u00f1arte piezas publicitarias para social media, banners, redise\u00f1o de imagen corporativa, digitalizaci\u00f3n de im\u00e1genes, calco digital para vectorizaci\u00f3n, [&hellip;]","og_url":"https:\/\/yoamercadeodigital.com\/index.php\/diseno\/","og_site_name":"Yoa","article_modified_time":"2021-09-11T19:26:05+00:00","twitter_card":"summary_large_image","schema":{"@context":"https:\/\/schema.org","@graph":[{"@type":"WebPage","@id":"https:\/\/yoamercadeodigital.com\/index.php\/diseno\/","url":"https:\/\/yoamercadeodigital.com\/index.php\/diseno\/","name":"Dise\u00f1o - Yoa","isPartOf":{"@id":"https:\/\/yoamercadeodigital.com\/#website"},"datePublished":"2021-09-06T01:02:03+00:00","dateModified":"2021-09-11T19:26:05+00:00","breadcrumb":{"@id":"https:\/\/yoamercadeodigital.com\/index.php\/diseno\/#breadcrumb"},"inLanguage":"es-CO","potentialAction":[{"@type":"ReadAction","target":["https:\/\/yoamercadeodigital.com\/index.php\/diseno\/"]}]},{"@type":"BreadcrumbList","@id":"https:\/\/yoamercadeodigital.com\/index.php\/diseno\/#breadcrumb","itemListElement":[{"@type":"ListItem","position":1,"name":"Home","item":"https:\/\/yoamercadeodigital.com\/"},{"@type":"ListItem","position":2,"name":"Dise\u00f1o"}]},{"@type":"WebSite","@id":"https:\/\/yoamercadeodigital.com\/#website","url":"https:\/\/yoamercadeodigital.com\/","name":"Yoa","description":"Yoa Mercadeo Digital","publisher":{"@id":"https:\/\/yoamercadeodigital.com\/#organization"},"potentialAction":[{"@type":"SearchAction","target":{"@type":"EntryPoint","urlTemplate":"https:\/\/yoamercadeodigital.com\/?s={search_term_string}"},"query-input":"required name=search_term_string"}],"inLanguage":"es-CO"},{"@type":"Organization","@id":"https:\/\/yoamercadeodigital.com\/#organization","name":"Yoa","url":"https:\/\/yoamercadeodigital.com\/","logo":{"@type":"ImageObject","inLanguage":"es-CO","@id":"https:\/\/yoamercadeodigital.com\/#\/schema\/logo\/image\/","url":"https:\/\/yoamercadeodigital.com\/wp-content\/uploads\/2020\/10\/YOAH-MARKETIN-01-1.png","contentUrl":"https:\/\/yoamercadeodigital.com\/wp-content\/uploads\/2020\/10\/YOAH-MARKETIN-01-1.png","width":582,"height":409,"caption":"Yoa"},"image":{"@id":"https:\/\/yoamercadeodigital.com\/#\/schema\/logo\/image\/"}}]}},"_links":{"self":[{"href":"https:\/\/yoamercadeodigital.com\/index.php\/wp-json\/wp\/v2\/pages\/1038","targetHints":{"allow":["GET"]}}],"collection":[{"href":"https:\/\/yoamercadeodigital.com\/index.php\/wp-json\/wp\/v2\/pages"}],"about":[{"href":"https:\/\/yoamercadeodigital.com\/index.php\/wp-json\/wp\/v2\/types\/page"}],"author":[{"embeddable":true,"href":"https:\/\/yoamercadeodigital.com\/index.php\/wp-json\/wp\/v2\/users\/1"}],"replies":[{"embeddable":true,"href":"https:\/\/yoamercadeodigital.com\/index.php\/wp-json\/wp\/v2\/comments?post=1038"}],"version-history":[{"count":66,"href":"https:\/\/yoamercadeodigital.com\/index.php\/wp-json\/wp\/v2\/pages\/1038\/revisions"}],"predecessor-version":[{"id":1629,"href":"https:\/\/yoamercadeodigital.com\/index.php\/wp-json\/wp\/v2\/pages\/1038\/revisions\/1629"}],"wp:attachment":[{"href":"https:\/\/yoamercadeodigital.com\/index.php\/wp-json\/wp\/v2\/media?parent=1038"}],"curies":[{"name":"wp","href":"https:\/\/api.w.org\/{rel}","templated":true}]}}